{"id":2171,"date":"2024-09-25T09:07:35","date_gmt":"2024-09-25T09:07:35","guid":{"rendered":"https:\/\/entreuth.iea.org.gr\/proiectul\/"},"modified":"2025-04-17T06:58:47","modified_gmt":"2025-04-17T06:58:47","slug":"proiectul","status":"publish","type":"page","link":"https:\/\/entreuth.iea.org.gr\/ro\/proiectul\/","title":{"rendered":"Proiectul"},"content":{"rendered":"\t\t<div data-elementor-type=\"wp-page\" data-elementor-id=\"2171\" class=\"elementor elementor-2171 elementor-452\" data-elementor-post-type=\"page\">\n\t\t\t\t<div class=\"elementor-element elementor-element-df82b27 e-flex e-con-boxed e-con e-parent\" data-id=\"df82b27\" data-element_type=\"container\" data-e-type=\"container\" data-settings=\"{&quot;background_background&quot;:&quot;classic&quot;}\">\n\t\t\t\t\t<div class=\"e-con-inner\">\n\t\t<div class=\"elementor-element elementor-element-9e9f24c e-flex e-con-boxed e-con e-child\" data-id=\"9e9f24c\" data-element_type=\"container\" data-e-type=\"container\">\n\t\t\t\t\t<div class=\"e-con-inner\">\n\t\t<div class=\"elementor-element elementor-element-9f72f1b e-flex e-con-boxed e-con e-child\" data-id=\"9f72f1b\" data-element_type=\"container\" data-e-type=\"container\">\n\t\t\t\t\t<div class=\"e-con-inner\">\n\t\t<div class=\"elementor-element elementor-element-9503712 e-flex e-con-boxed e-con e-child\" data-id=\"9503712\" data-element_type=\"container\" data-e-type=\"container\">\n\t\t\t\t\t<div class=\"e-con-inner\">\n\t\t\t\t<div class=\"elementor-element elementor-element-5c086aa elementor-widget elementor-widget-heading\" data-id=\"5c086aa\" data-element_type=\"widget\" data-e-type=\"widget\" data-widget_type=\"heading.default\">\n\t\t\t\t<div class=\"elementor-widget-container\">\n\t\t\t\t\t<h6 class=\"elementor-heading-title elementor-size-default\">Proiectul<\/h6>\t\t\t\t<\/div>\n\t\t\t\t<\/div>\n\t\t\t\t<div class=\"elementor-element elementor-element-ce48bc0 elementor-widget elementor-widget-heading\" data-id=\"ce48bc0\" data-element_type=\"widget\" data-e-type=\"widget\" data-widget_type=\"heading.default\">\n\t\t\t\t<div class=\"elementor-widget-container\">\n\t\t\t\t\t<h1 class=\"elementor-heading-title elementor-size-default\">Proiectul EntrEUth are ca scop cultivarea spiritului antreprenorial \u00een r\u00e2ndul tinerilor europeni, \u00een special al celor cu dizabilit\u0103\u021bi specificede \u00eenv\u0103\u021bare (SLD). <\/h1>\t\t\t\t<\/div>\n\t\t\t\t<\/div>\n\t\t\t\t\t<\/div>\n\t\t\t\t<\/div>\n\t\t\t\t\t<\/div>\n\t\t\t\t<\/div>\n\t\t<div class=\"elementor-element elementor-element-a1fa886 e-con-full e-flex e-con e-child\" data-id=\"a1fa886\" data-element_type=\"container\" data-e-type=\"container\">\n\t\t<div class=\"elementor-element elementor-element-53ff607 e-con-full e-flex e-con e-child\" data-id=\"53ff607\" data-element_type=\"container\" data-e-type=\"container\">\n\t\t\t\t<div class=\"elementor-element elementor-element-51338b4 elementor-widget elementor-widget-image\" data-id=\"51338b4\" data-element_type=\"widget\" data-e-type=\"widget\" data-widget_type=\"image.default\">\n\t\t\t\t<div class=\"elementor-widget-container\">\n\t\t\t\t\t\t\t\t\t\t\t\t\t\t\t<img fetchpriority=\"high\" decoding=\"async\" width=\"678\" height=\"1171\" src=\"https:\/\/entreuth.iea.org.gr\/wp-content\/uploads\/2024\/10\/proj.jpg\" class=\"attachment-full size-full wp-image-1739\" alt=\"\" srcset=\"https:\/\/entreuth.iea.org.gr\/wp-content\/uploads\/2024\/10\/proj.jpg 678w, https:\/\/entreuth.iea.org.gr\/wp-content\/uploads\/2024\/10\/proj-174x300.jpg 174w, https:\/\/entreuth.iea.org.gr\/wp-content\/uploads\/2024\/10\/proj-593x1024.jpg 593w\" sizes=\"(max-width: 678px) 100vw, 678px\" \/>\t\t\t\t\t\t\t\t\t\t\t\t\t\t\t<\/div>\n\t\t\t\t<\/div>\n\t\t\t\t<div class=\"elementor-element elementor-element-e333505 elementor-widget elementor-widget-image\" data-id=\"e333505\" data-element_type=\"widget\" data-e-type=\"widget\" data-widget_type=\"image.default\">\n\t\t\t\t<div class=\"elementor-widget-container\">\n\t\t\t\t\t\t\t\t\t\t\t\t\t\t\t<img decoding=\"async\" width=\"2048\" height=\"1536\" src=\"https:\/\/entreuth.iea.org.gr\/wp-content\/uploads\/2024\/10\/der.jpg\" class=\"attachment-full size-full wp-image-1799\" alt=\"\" srcset=\"https:\/\/entreuth.iea.org.gr\/wp-content\/uploads\/2024\/10\/der.jpg 2048w, https:\/\/entreuth.iea.org.gr\/wp-content\/uploads\/2024\/10\/der-300x225.jpg 300w, https:\/\/entreuth.iea.org.gr\/wp-content\/uploads\/2024\/10\/der-1024x768.jpg 1024w, https:\/\/entreuth.iea.org.gr\/wp-content\/uploads\/2024\/10\/der-768x576.jpg 768w, https:\/\/entreuth.iea.org.gr\/wp-content\/uploads\/2024\/10\/der-1536x1152.jpg 1536w\" sizes=\"(max-width: 2048px) 100vw, 2048px\" \/>\t\t\t\t\t\t\t\t\t\t\t\t\t\t\t<\/div>\n\t\t\t\t<\/div>\n\t\t\t\t<\/div>\n\t\t<div class=\"elementor-element elementor-element-defab1b e-con-full e-flex e-con e-child\" data-id=\"defab1b\" data-element_type=\"container\" data-e-type=\"container\">\n\t\t\t\t<div class=\"elementor-element elementor-element-7f53e1e elementor-widget elementor-widget-heading\" data-id=\"7f53e1e\" data-element_type=\"widget\" data-e-type=\"widget\" data-widget_type=\"heading.default\">\n\t\t\t\t<div class=\"elementor-widget-container\">\n\t\t\t\t\t<h3 class=\"elementor-heading-title elementor-size-default\">Obiectivul general al proiectului este de a sprijini spiritul de ini\u021biativ\u0103 al tinerilor europeni \u00een domeniul antreprenoriatului, cu un accent special pe tinerii cu LDS. <\/h3>\t\t\t\t<\/div>\n\t\t\t\t<\/div>\n\t\t\t\t<div class=\"elementor-element elementor-element-2b501f1 elementor-widget elementor-widget-text-editor\" data-id=\"2b501f1\" data-element_type=\"widget\" data-e-type=\"widget\" data-widget_type=\"text-editor.default\">\n\t\t\t\t<div class=\"elementor-widget-container\">\n\t\t\t\t\t\t\t\t\t<p>Acest obiectiv va fi atins prin promovarea educa\u021biei antreprenoriale prin implicare \u0219i sensibilizare pe aceast\u0103 tem\u0103, prin instrumente, metode \u0219i tehnici digitale adaptate nevoilor celor care sufer\u0103 de LDS.<\/p><p>Mai precis, acest proiect urm\u0103re\u0219te alte obiective specifice:<\/p><p>&#8211; Dezvoltarea unor strategii eficiente de dezvoltare a abilit\u0103\u021bilor antreprenoriale pentru persoanele cu SLD.<\/p><p>&#8211; Consolidarea caracterului incluziv al cadrului EntreComp, cu un accent specific pe tinerii cu LDS Recunosc\u00e2nd necesitatea durabilit\u0103\u021bii \u00een toate aspectele proiectului, consor\u021biul s-a angajat s\u0103 \u00eencorporeze practici ecologice pe parcursul \u00eentregului ciclu de via\u021b\u0103 al proiectului.<\/p><p>Proiectul <strong>EntrEUth <\/strong>abordeaz\u0103 barierele semnificative cu care se confrunt\u0103 tinerii cu LDS \u00een ceea ce prive\u0219te accesul la oportunit\u0103\u021bile de antreprenoriat din Europa. Sondajele recente ale Eurostat (2019) eviden\u021biaz\u0103 disparit\u0103\u021bile dintre persoanele cu \u0219i f\u0103r\u0103 handicap \u00een ceea ce prive\u0219te activitatea independent\u0103 \u0219i ratele \u0219omajului. Rata activit\u0103\u021bilor independente pentru persoanele cu handicap \u00een UE este cu 29,5 puncte procentuale mai mic\u0103, \u00een timp ce rata \u0219omajului este de dou\u0103 ori mai mare. \u00cen plus, un raport al Comisiei Europene (2020) subliniaz\u0103 c\u0103 persoanele cu SLD sau cu dizabilit\u0103\u021bi sunt subreprezentate \u00een activit\u0103\u021bile independente \u0219i \u00een antreprenoriat, doar 4,6 % dintre persoanele care desf\u0103\u0219oar\u0103 o activitate independent\u0103 raport\u00e2nd aceste condi\u021bii (Eurostat, 2019; Comisia European\u0103, 2020). Statisticile subliniaz\u0103 nevoia urgent\u0103 de ini\u021biative specifice care s\u0103 sprijine dezvoltarea aptitudinilor \u0219i competen\u021belor antreprenoriale \u00een r\u00e2ndul tinerilor cu LDS.   <\/p><p>Proiectul <strong>EntrEUth <\/strong>\u00ee\u0219i propune s\u0103 acopere aceast\u0103 lacun\u0103 prin promovarea antreprenoriatului \u00een r\u00e2ndul tinerilor pentru persoanele cu LDS, promov\u00e2nd astfel incluziunea social\u0103 \u0219i economic\u0103 pentru aceast\u0103 categorie demografic\u0103.<\/p><p>Comunitatea \u0219tiin\u021bific\u0103 recomand\u0103 ca, printr-un sprijin adecvat, tinerii cu LDS s\u0103 poat\u0103 nu numai s\u0103 ob\u021bin\u0103 succes profesional \u00een antreprenoriat, ci \u0219i s\u0103 beneficieze de o incluziune sporit\u0103 \u00een societate. \u00cen acela\u0219i timp, societatea \u00een ansamblu poate avea de c\u00e2\u0219tigat de pe urma implic\u0103rii sporite \u00een activit\u0103\u021bi antreprenoriale conduse de diverse persoane, inclusiv de cele cu DSS. <\/p><p>Consor\u021biul proiectului cuprinde parteneri din Grecia, Rom\u00e2nia, Italia, Belgia \u0219i Bulgaria, reunind expertiza \u00een antreprenoriatul \u00een r\u00e2ndul tinerilor, educa\u021bia antreprenorial\u0103 \u0219i inovarea social\u0103. Prin valorificarea perspectivelor \u0219i experien\u021belor lor diverse, consor\u021biul \u00ee\u0219i propune s\u0103 dezvolte strategii eficiente pentru \u00eembun\u0103t\u0103\u021birea competen\u021belor antreprenoriale \u00een r\u00e2ndul tinerilor cu LDS. <\/p>\t\t\t\t\t\t\t\t<\/div>\n\t\t\t\t<\/div>\n\t\t\t\t<\/div>\n\t\t\t\t<\/div>\n\t\t\t\t\t<\/div>\n\t\t\t\t<\/div>\n\t\t\t\t\t<\/div>\n\t\t\t\t<\/div>\n\t\t\t\t<\/div>\n\t\t","protected":false},"excerpt":{"rendered":"<p>Proiectul Proiectul EntrEUth are ca scop cultivarea spiritului antreprenorial \u00een r\u00e2ndul tinerilor europeni, \u00een special al celor cu dizabilit\u0103\u021bi specificede \u00eenv\u0103\u021bare (SLD). Obiectivul general al proiectului este de a sprijini spiritul de ini\u021biativ\u0103 al tinerilor europeni \u00een domeniul antreprenoriatului, cu un accent special pe tinerii cu LDS. Acest obiectiv va fi atins prin promovarea educa\u021biei [&hellip;]<\/p>\n","protected":false},"author":1,"featured_media":0,"parent":0,"menu_order":0,"comment_status":"closed","ping_status":"closed","template":"","meta":{"site-sidebar-layout":"no-sidebar","site-content-layout":"page-builder","ast-site-content-layout":"default","site-content-style":"default","site-sidebar-style":"default","ast-global-header-display":"","ast-banner-title-visibility":"","ast-main-header-display":"","ast-hfb-above-header-display":"","ast-hfb-below-header-display":"","ast-hfb-mobile-header-display":"","site-post-title":"disabled","ast-breadcrumbs-content":"","ast-featured-img":"disabled","footer-sml-layout":"","ast-disable-related-posts":"","theme-transparent-header-meta":"enabled","adv-header-id-meta":"","stick-header-meta":"","header-above-stick-meta":"","header-main-stick-meta":"","header-below-stick-meta":"","astra-migrate-meta-layouts":"default","ast-page-background-enabled":"default","ast-page-background-meta":{"desktop":{"background-color":"var(--ast-global-color-4)","background-image":"","background-repeat":"repeat","background-position":"center center","background-size":"auto","background-attachment":"scroll","background-type":"","background-media":"","overlay-type":"","overlay-color":"","overlay-opacity":"","overlay-gradient":""},"tablet":{"background-color":"","background-image":"","background-repeat":"repeat","background-position":"center center","background-size":"auto","background-attachment":"scroll","background-type":"","background-media":"","overlay-type":"","overlay-color":"","overlay-opacity":"","overlay-gradient":""},"mobile":{"background-color":"","background-image":"","background-repeat":"repeat","background-position":"center center","background-size":"auto","background-attachment":"scroll","background-type":"","background-media":"","overlay-type":"","overlay-color":"","overlay-opacity":"","overlay-gradient":""}},"ast-content-background-meta":{"desktop":{"background-color":"var(--ast-global-color-5)","background-image":"","background-repeat":"repeat","background-position":"center center","background-size":"auto","background-attachment":"scroll","background-type":"","background-media":"","overlay-type":"","overlay-color":"","overlay-opacity":"","overlay-gradient":""},"tablet":{"background-color":"var(--ast-global-color-5)","background-image":"","background-repeat":"repeat","background-position":"center center","background-size":"auto","background-attachment":"scroll","background-type":"","background-media":"","overlay-type":"","overlay-color":"","overlay-opacity":"","overlay-gradient":""},"mobile":{"background-color":"var(--ast-global-color-5)","background-image":"","background-repeat":"repeat","background-position":"center center","background-size":"auto","background-attachment":"scroll","background-type":"","background-media":"","overlay-type":"","overlay-color":"","overlay-opacity":"","overlay-gradient":""}},"footnotes":""},"class_list":["post-2171","page","type-page","status-publish","hentry"],"_links":{"self":[{"href":"https:\/\/entreuth.iea.org.gr\/ro\/wp-json\/wp\/v2\/pages\/2171","targetHints":{"allow":["GET"]}}],"collection":[{"href":"https:\/\/entreuth.iea.org.gr\/ro\/wp-json\/wp\/v2\/pages"}],"about":[{"href":"https:\/\/entreuth.iea.org.gr\/ro\/wp-json\/wp\/v2\/types\/page"}],"author":[{"embeddable":true,"href":"https:\/\/entreuth.iea.org.gr\/ro\/wp-json\/wp\/v2\/users\/1"}],"replies":[{"embeddable":true,"href":"https:\/\/entreuth.iea.org.gr\/ro\/wp-json\/wp\/v2\/comments?post=2171"}],"version-history":[{"count":1,"href":"https:\/\/entreuth.iea.org.gr\/ro\/wp-json\/wp\/v2\/pages\/2171\/revisions"}],"predecessor-version":[{"id":2172,"href":"https:\/\/entreuth.iea.org.gr\/ro\/wp-json\/wp\/v2\/pages\/2171\/revisions\/2172"}],"wp:attachment":[{"href":"https:\/\/entreuth.iea.org.gr\/ro\/wp-json\/wp\/v2\/media?parent=2171"}],"curies":[{"name":"wp","href":"https:\/\/api.w.org\/{rel}","templated":true}]}}