{"id":2161,"date":"2024-09-25T09:07:35","date_gmt":"2024-09-25T09:07:35","guid":{"rendered":"https:\/\/entreuth.iea.org.gr\/partner\/"},"modified":"2025-06-23T08:34:36","modified_gmt":"2025-06-23T08:34:36","slug":"partner","status":"publish","type":"page","link":"https:\/\/entreuth.iea.org.gr\/it\/partner\/","title":{"rendered":"Partner"},"content":{"rendered":"\t\t<div data-elementor-type=\"wp-page\" data-elementor-id=\"2161\" class=\"elementor elementor-2161 elementor-739\" data-elementor-post-type=\"page\">\n\t\t\t\t<div class=\"elementor-element elementor-element-6b9075a e-flex e-con-boxed e-con e-parent\" data-id=\"6b9075a\" data-element_type=\"container\" data-e-type=\"container\" data-settings=\"{&quot;background_background&quot;:&quot;classic&quot;}\">\n\t\t\t\t\t<div class=\"e-con-inner\">\n\t\t<div class=\"elementor-element elementor-element-b752f07 e-con-full e-flex e-con e-child\" data-id=\"b752f07\" data-element_type=\"container\" data-e-type=\"container\">\n\t\t<div class=\"elementor-element elementor-element-14b0c19 e-flex e-con-boxed e-con e-child\" data-id=\"14b0c19\" data-element_type=\"container\" data-e-type=\"container\">\n\t\t\t\t\t<div class=\"e-con-inner\">\n\t\t<div class=\"elementor-element elementor-element-32647f2 e-con-full e-flex e-con e-child\" data-id=\"32647f2\" data-element_type=\"container\" data-e-type=\"container\">\n\t\t\t\t<div class=\"elementor-element elementor-element-076c624 elementor-widget elementor-widget-heading\" data-id=\"076c624\" data-element_type=\"widget\" data-e-type=\"widget\" data-widget_type=\"heading.default\">\n\t\t\t\t<div class=\"elementor-widget-container\">\n\t\t\t\t\t<h6 class=\"elementor-heading-title elementor-size-default\">Partner<\/h6>\t\t\t\t<\/div>\n\t\t\t\t<\/div>\n\t\t\t\t<div class=\"elementor-element elementor-element-0161e26 elementor-widget elementor-widget-heading\" data-id=\"0161e26\" data-element_type=\"widget\" data-e-type=\"widget\" data-widget_type=\"heading.default\">\n\t\t\t\t<div class=\"elementor-widget-container\">\n\t\t\t\t\t<h1 class=\"elementor-heading-title elementor-size-default\">I nostri partner.<\/h1>\t\t\t\t<\/div>\n\t\t\t\t<\/div>\n\t\t\t\t<\/div>\n\t\t\t\t\t<\/div>\n\t\t\t\t<\/div>\n\t\t\t\t<\/div>\n\t\t\t\t\t<\/div>\n\t\t\t\t<\/div>\n\t\t<div class=\"elementor-element elementor-element-41af142 e-flex e-con-boxed e-con e-parent\" data-id=\"41af142\" data-element_type=\"container\" data-e-type=\"container\">\n\t\t\t\t\t<div class=\"e-con-inner\">\n\t\t\t\t<div class=\"elementor-element elementor-element-297b71f elementor-widget__width-initial elementor-widget elementor-widget-image\" data-id=\"297b71f\" data-element_type=\"widget\" data-e-type=\"widget\" data-widget_type=\"image.default\">\n\t\t\t\t<div class=\"elementor-widget-container\">\n\t\t\t\t\t\t\t\t\t\t\t\t\t\t\t<img decoding=\"async\" width=\"350\" height=\"80\" src=\"https:\/\/entreuth.iea.org.gr\/wp-content\/uploads\/2024\/10\/iuc.png\" class=\"attachment-large size-large wp-image-1753\" alt=\"\" srcset=\"https:\/\/entreuth.iea.org.gr\/wp-content\/uploads\/2024\/10\/iuc.png 350w, https:\/\/entreuth.iea.org.gr\/wp-content\/uploads\/2024\/10\/iuc-300x69.png 300w\" sizes=\"(max-width: 350px) 100vw, 350px\" \/>\t\t\t\t\t\t\t\t\t\t\t\t\t\t\t<\/div>\n\t\t\t\t<\/div>\n\t\t\t\t<div class=\"elementor-element elementor-element-01a4cec elementor-widget elementor-widget-heading\" data-id=\"01a4cec\" data-element_type=\"widget\" data-e-type=\"widget\" data-widget_type=\"heading.default\">\n\t\t\t\t<div class=\"elementor-widget-container\">\n\t\t\t\t\t<h2 class=\"elementor-heading-title elementor-size-default\">Istituto ad Ordinamento Universitario Scuola Superiore Carolina Albasio (ITALIA)<\/h2>\t\t\t\t<\/div>\n\t\t\t\t<\/div>\n\t\t\t\t<div class=\"elementor-element elementor-element-0c085e0 elementor-widget elementor-widget-text-editor\" data-id=\"0c085e0\" data-element_type=\"widget\" data-e-type=\"widget\" data-widget_type=\"text-editor.default\">\n\t\t\t\t<div class=\"elementor-widget-container\">\n\t\t\t\t\t\t\t\t\t<p>Al centro dell\u2019identit\u00e0 della Carolina Albasio vi \u00e8 lo sviluppo di attivit\u00e0 formative di primo e secondo livello, inclusi corsi di laurea triennale e magistrale, corsi post-laurea e percorsi di alta formazione. Un\u2019identit\u00e0 rafforzata dalla capacit\u00e0 di creare sinergie tra le diverse anime dell\u2019Istituto, generando iniziative condivise in ambito formativo, di ricerca e di trasferimento tecnologico, che rendono unica l\u2019esperienza della Carolina Albasio nel panorama accademico e della ricerca innovativa in Italia. <\/p><p>Offriamo percorsi educativi innovativi, che integrano le scienze umane con discipline informatiche, economiche, aziendali e giuridiche, garantendo una preparazione efficace all\u2019ingresso nel mondo del lavoro in un contesto sociale sempre pi\u00f9 multiculturale. Il nostro ateneo si distingue per l\u2019eccellenza, grazie alla collaborazione con docenti di rilievo e professionisti affermati a livello nazionale e internazionale. <\/p><p>Negli ultimi anni abbiamo notevolmente ridotto l\u2019impatto ambientale delle nostre attivit\u00e0 e siamo orgogliosi di essere completamente accessibili e inclusivi verso persone con ogni tipo di disabilit\u00e0. Accogliamo studenti con DSA e disabilit\u00e0, integrandoli in tutte le dimensioni della vita accademica. <\/p>\t\t\t\t\t\t\t\t<\/div>\n\t\t\t\t<\/div>\n\t\t\t\t\t<\/div>\n\t\t\t\t<\/div>\n\t\t<div class=\"elementor-element elementor-element-fa3c24e e-flex e-con-boxed e-con e-parent\" data-id=\"fa3c24e\" data-element_type=\"container\" data-e-type=\"container\">\n\t\t\t\t\t<div class=\"e-con-inner\">\n\t\t\t\t<div class=\"elementor-element elementor-element-a1d7ced elementor-widget__width-initial elementor-widget elementor-widget-image\" data-id=\"a1d7ced\" data-element_type=\"widget\" data-e-type=\"widget\" data-widget_type=\"image.default\">\n\t\t\t\t<div class=\"elementor-widget-container\">\n\t\t\t\t\t\t\t\t\t\t\t\t\t\t\t<img fetchpriority=\"high\" decoding=\"async\" width=\"1024\" height=\"137\" src=\"https:\/\/entreuth.iea.org.gr\/wp-content\/uploads\/2024\/10\/iea-1024x137.gif\" class=\"attachment-large size-large wp-image-1748\" alt=\"\" srcset=\"https:\/\/entreuth.iea.org.gr\/wp-content\/uploads\/2024\/10\/iea-1024x137.gif 1024w, https:\/\/entreuth.iea.org.gr\/wp-content\/uploads\/2024\/10\/iea-300x40.gif 300w, https:\/\/entreuth.iea.org.gr\/wp-content\/uploads\/2024\/10\/iea-768x102.gif 768w\" sizes=\"(max-width: 1024px) 100vw, 1024px\" \/>\t\t\t\t\t\t\t\t\t\t\t\t\t\t\t<\/div>\n\t\t\t\t<\/div>\n\t\t\t\t<div class=\"elementor-element elementor-element-8dde419 elementor-widget elementor-widget-heading\" data-id=\"8dde419\" data-element_type=\"widget\" data-e-type=\"widget\" data-widget_type=\"heading.default\">\n\t\t\t\t<div class=\"elementor-widget-container\">\n\t\t\t\t\t<h2 class=\"elementor-heading-title elementor-size-default\">Hellenic Institute of Entrepreneurship &amp; Sustainable Development (GRECIA)<\/h2>\t\t\t\t<\/div>\n\t\t\t\t<\/div>\n\t\t\t\t<div class=\"elementor-element elementor-element-29bf092 elementor-widget elementor-widget-text-editor\" data-id=\"29bf092\" data-element_type=\"widget\" data-e-type=\"widget\" data-widget_type=\"text-editor.default\">\n\t\t\t\t<div class=\"elementor-widget-container\">\n\t\t\t\t\t\t\t\t\t<p>L\u2019Hellenic Institute of Entrepreneurship &amp; Sustainable Development (I.E.A.) \u00e8 un\u2019organizzazione attiva nei settori dell\u2019imprenditorialit\u00e0 e dello sviluppo sostenibile. Il suo scopo \u00e8 rafforzare le imprese operanti in Grecia e creare sinergie per un ambiente migliore attraverso il volontariato e la sensibilizzazione pubblica. L\u2019obiettivo principale \u00e8 promuovere la competitivit\u00e0 delle imprese greche e rafforzare l\u2019imprenditorialit\u00e0 attraverso sinergie e un modello di gestione delle risorse umane coerente con i concetti di economia \u201cgreen\u201d e sviluppo personale.<br>I membri dell\u2019Istituto includono organizzazioni, imprese, enti, persone giuridiche e singoli individui, che hanno accesso a una gamma di servizi integrati, all\u2019interno di un quadro sinergico e di partecipazione attiva alla comunit\u00e0, beneficiando al contempo di vantaggi significativi.<br>Inoltre, l\u2019I.E.A. promuove la comunicazione tra i membri e la loro crescita professionale e imprenditoriale, offrendo assistenza consulenziale nel quadro operativo dell\u2019Istituto.   <\/p>\t\t\t\t\t\t\t\t<\/div>\n\t\t\t\t<\/div>\n\t\t\t\t\t<\/div>\n\t\t\t\t<\/div>\n\t\t<div class=\"elementor-element elementor-element-6ca58d8 e-flex e-con-boxed e-con e-parent\" data-id=\"6ca58d8\" data-element_type=\"container\" data-e-type=\"container\">\n\t\t\t\t\t<div class=\"e-con-inner\">\n\t\t\t\t<div class=\"elementor-element elementor-element-faf8a12 elementor-widget elementor-widget-image\" data-id=\"faf8a12\" data-element_type=\"widget\" data-e-type=\"widget\" data-widget_type=\"image.default\">\n\t\t\t\t<div class=\"elementor-widget-container\">\n\t\t\t\t\t\t\t\t\t\t\t\t\t\t\t<img decoding=\"async\" width=\"300\" height=\"225\" src=\"https:\/\/entreuth.iea.org.gr\/wp-content\/uploads\/2024\/10\/hapax-300x225.png\" class=\"attachment-medium size-medium wp-image-1758\" alt=\"\" srcset=\"https:\/\/entreuth.iea.org.gr\/wp-content\/uploads\/2024\/10\/hapax-300x225.png 300w, https:\/\/entreuth.iea.org.gr\/wp-content\/uploads\/2024\/10\/hapax-1024x768.png 1024w, https:\/\/entreuth.iea.org.gr\/wp-content\/uploads\/2024\/10\/hapax-768x576.png 768w, https:\/\/entreuth.iea.org.gr\/wp-content\/uploads\/2024\/10\/hapax-1536x1152.png 1536w, https:\/\/entreuth.iea.org.gr\/wp-content\/uploads\/2024\/10\/hapax.png 2000w\" sizes=\"(max-width: 300px) 100vw, 300px\" \/>\t\t\t\t\t\t\t\t\t\t\t\t\t\t\t<\/div>\n\t\t\t\t<\/div>\n\t\t\t\t<div class=\"elementor-element elementor-element-d473df1 elementor-widget elementor-widget-heading\" data-id=\"d473df1\" data-element_type=\"widget\" data-e-type=\"widget\" data-widget_type=\"heading.default\">\n\t\t\t\t<div class=\"elementor-widget-container\">\n\t\t\t\t\t<h2 class=\"elementor-heading-title elementor-size-default\">HAPAX AMBARINO SRL (ROMANIA)<\/h2>\t\t\t\t<\/div>\n\t\t\t\t<\/div>\n\t\t\t\t<div class=\"elementor-element elementor-element-545e902 elementor-widget elementor-widget-text-editor\" data-id=\"545e902\" data-element_type=\"widget\" data-e-type=\"widget\" data-widget_type=\"text-editor.default\">\n\t\t\t\t<div class=\"elementor-widget-container\">\n\t\t\t\t\t\t\t\t\t<p>Hapax is a social enterprise aiming to provide training, support, counselling and research activities to diverse groups of people. Mainly Hapax works with youth and individuals belonging to vulnerable groups, supporting them on multiple levels to facilitate their integration or re-integration into society or world of work and upgrade their basic literacy skills. Hapax provides:<\/p><p>&#8211; training seminars using conventional methods and \/ or the use of new technologies in the areas of basic skills, digital skills and the use of new technologies,<\/p><p>&#8211; counselling in basic competences and increase of transversal skills,<\/p><p>&#8211; Training design in areas such as communication, communication in the native language, active listening and related skills<\/p><p>&#8211; design digital literacy activities into scenario activities<\/p><p>&#8211; digital competence training (digital literacy, digital communication etc)<\/p><p>&#8211; design soft skills competence training for youth and their trainers,<\/p><p>&#8211; Consulting services and professional counseling advisory for entrepreneurship and employment (youth and adults),<\/p><p>&#8211; Consulting services for vocational education and training field (design of VET training courses for adults and iVET for youth)<\/p><p>&#8211; Development and participation in national and European networks, consortia implementing actions consistent with the purposes of Hapax,<\/p><p>&#8211; Information and awareness of the general public (conduct workshops, conferences, promotional campaigns, etc.).<\/p>\t\t\t\t\t\t\t\t<\/div>\n\t\t\t\t<\/div>\n\t\t\t\t\t<\/div>\n\t\t\t\t<\/div>\n\t\t<div class=\"elementor-element elementor-element-0ed2317 e-flex e-con-boxed e-con e-parent\" data-id=\"0ed2317\" data-element_type=\"container\" data-e-type=\"container\">\n\t\t\t\t\t<div class=\"e-con-inner\">\n\t\t\t\t<div class=\"elementor-element elementor-element-a3f7a23 elementor-widget__width-initial elementor-widget elementor-widget-image\" data-id=\"a3f7a23\" data-element_type=\"widget\" data-e-type=\"widget\" data-widget_type=\"image.default\">\n\t\t\t\t<div class=\"elementor-widget-container\">\n\t\t\t\t\t\t\t\t\t\t\t\t\t\t\t<img loading=\"lazy\" decoding=\"async\" width=\"300\" height=\"204\" src=\"https:\/\/entreuth.iea.org.gr\/wp-content\/uploads\/2024\/10\/logt-300x204.png\" class=\"attachment-medium size-medium wp-image-1763\" alt=\"\" srcset=\"https:\/\/entreuth.iea.org.gr\/wp-content\/uploads\/2024\/10\/logt-300x204.png 300w, https:\/\/entreuth.iea.org.gr\/wp-content\/uploads\/2024\/10\/logt.png 478w\" sizes=\"(max-width: 300px) 100vw, 300px\" \/>\t\t\t\t\t\t\t\t\t\t\t\t\t\t\t<\/div>\n\t\t\t\t<\/div>\n\t\t\t\t<div class=\"elementor-element elementor-element-045a193 elementor-widget elementor-widget-heading\" data-id=\"045a193\" data-element_type=\"widget\" data-e-type=\"widget\" data-widget_type=\"heading.default\">\n\t\t\t\t<div class=\"elementor-widget-container\">\n\t\t\t\t\t<h2 class=\"elementor-heading-title elementor-size-default\">SCS LogoPsyCom (BELGIO)<\/h2>\t\t\t\t<\/div>\n\t\t\t\t<\/div>\n\t\t\t\t\t<\/div>\n\t\t\t\t<\/div>\n\t\t<div class=\"elementor-element elementor-element-1f3d0ce e-flex e-con-boxed e-con e-parent\" data-id=\"1f3d0ce\" data-element_type=\"container\" data-e-type=\"container\">\n\t\t\t\t\t<div class=\"e-con-inner\">\n\t\t\t\t<div class=\"elementor-element elementor-element-9fb435e elementor-widget elementor-widget-text-editor\" data-id=\"9fb435e\" data-element_type=\"widget\" data-e-type=\"widget\" data-widget_type=\"text-editor.default\">\n\t\t\t\t<div class=\"elementor-widget-container\">\n\t\t\t\t\t\t\t\t\t<p>Logopsycom was initially created as a of company specialized in projects for skills development, professional training, revalidation and inclusion for young people with disabilities and learning disorders, especially &#8220;Dys&#8221; youngsters (Dyspraxia, Dysphasia, Dyslexia, etc.) also called Specific Learning Disorders (SLD). During several years of accompanying schools, VET centres, educational organisation, youngsters and parents we created or used alternative methods or tools (digital or not) and we have developed our field of expertise to be an education innovation center.<\/p><p>This background on learning disorders made us take a special interest and acquire expertise on several topics: STEM, language learning, alternative tools and methods in education, entrepreneurship and acquisition of new skills. In order to be more effective for our audience, on the last years we have developed an expertise in creating innovative content (online course, chatbots, gamification tools, etc) but also organizational material for the pupils with SLD We work directly with education institutions in Belgium and in Europe and with youngsters, trainers and professionals in our hometown of Mons and also, based on collaboration in Brussels and sometimes in Paris. During all these activities, we keep on paying a special attention to the accessibility and inclusiveness of the material we produce or the activities we organize. To do that, we base ourselves on a team of specialists in house or frequent collaborators: researchers, teachers, and trainers of course but also speech therapists, and adaptation specialists.<\/p>\t\t\t\t\t\t\t\t<\/div>\n\t\t\t\t<\/div>\n\t\t\t\t\t<\/div>\n\t\t\t\t<\/div>\n\t\t<div class=\"elementor-element elementor-element-9218295 e-flex e-con-boxed e-con e-parent\" data-id=\"9218295\" data-element_type=\"container\" data-e-type=\"container\">\n\t\t\t\t\t<div class=\"e-con-inner\">\n\t\t\t\t<div class=\"elementor-element elementor-element-afda203 elementor-widget elementor-widget-image\" data-id=\"afda203\" data-element_type=\"widget\" data-e-type=\"widget\" data-widget_type=\"image.default\">\n\t\t\t\t<div class=\"elementor-widget-container\">\n\t\t\t\t\t\t\t\t\t\t\t\t\t\t\t<img decoding=\"async\" src=\"https:\/\/entreuth.iea.org.gr\/wp-content\/uploads\/elementor\/thumbs\/emit-qv8ys9p94zyxxzlv0ildui8tubgid61xvd9lgsq3gg.png\" title=\"emit\" alt=\"emit\" loading=\"lazy\" \/>\t\t\t\t\t\t\t\t\t\t\t\t\t\t\t<\/div>\n\t\t\t\t<\/div>\n\t\t\t\t\t<\/div>\n\t\t\t\t<\/div>\n\t\t<div class=\"elementor-element elementor-element-ee1a4b3 e-flex e-con-boxed e-con e-parent\" data-id=\"ee1a4b3\" data-element_type=\"container\" data-e-type=\"container\">\n\t\t\t\t\t<div class=\"e-con-inner\">\n\t\t\t\t<div class=\"elementor-element elementor-element-20bcc40 elementor-widget elementor-widget-heading\" data-id=\"20bcc40\" data-element_type=\"widget\" data-e-type=\"widget\" data-widget_type=\"heading.default\">\n\t\t\t\t<div class=\"elementor-widget-container\">\n\t\t\t\t\t<h2 class=\"elementor-heading-title elementor-size-default\">EMiT Feltrinelli (ITALIA)<\/h2>\t\t\t\t<\/div>\n\t\t\t\t<\/div>\n\t\t\t\t<div class=\"elementor-element elementor-element-7c022be elementor-widget elementor-widget-text-editor\" data-id=\"7c022be\" data-element_type=\"widget\" data-e-type=\"widget\" data-widget_type=\"text-editor.default\">\n\t\t\t\t<div class=\"elementor-widget-container\">\n\t\t\t\t\t\t\t\t\t<p>EMiT Feltrinelli \u00e8 una fondazione senza scopo di lucro e centro di formazione privato attivo a Milano dal 1908, che da oltre un secolo svolge un ruolo chiave nella formazione e nell\u2019innovazione a favore di giovani e aziende. Il nostro impegno \u00e8 offrire ai giovani percorsi che li rendano competitivi nel mercato del lavoro, migliorando le loro competenze in linea con le esigenze delle imprese. <\/p><p>I nostri corsi si focalizzano su competenze digitali, tecniche e manageriali, in particolare in ambito IT, tecnologie web, lingue, marketing, management e tecniche creative.<\/p><p>Principali finanziatori: Comune di Milano, Regione Lombardia e fondi interprofessionali nazionali.<\/p><p>EMiT \u00e8 accreditata dalla Regione Lombardia ed \u00e8 certificata ISO 9001:2015. Lavora in stretta sinergia con cittadini e imprese offrendo: <\/p><p>&#8211; formazione per l\u2019accesso ai diritti di cittadinanza;<\/p><p>&#8211; formazione professionale per giovani e disoccupati;<\/p><p>&#8211; formazione aziendale;<\/p><p>&#8211; attivazione tirocini per cittadini UE e non UE;<\/p><p>&#8211; corsi in ambito IT, sicurezza, marketing, management, tecniche creative e educazione ambientale;<\/p><p>&#8211; consulenza per progettazione e finanziamento formativo;<\/p><p>&#8211; selezione e formazione di professionisti digitali;<\/p><p>&#8211; apprendistati, orientamento e accompagnamento al lavoro.<\/p>\t\t\t\t\t\t\t\t<\/div>\n\t\t\t\t<\/div>\n\t\t\t\t\t<\/div>\n\t\t\t\t<\/div>\n\t\t<div class=\"elementor-element elementor-element-400721a e-flex e-con-boxed e-con e-parent\" data-id=\"400721a\" data-element_type=\"container\" data-e-type=\"container\">\n\t\t\t\t\t<div class=\"e-con-inner\">\n\t\t\t\t<div class=\"elementor-element elementor-element-3eb616c elementor-widget elementor-widget-image\" data-id=\"3eb616c\" data-element_type=\"widget\" data-e-type=\"widget\" data-widget_type=\"image.default\">\n\t\t\t\t<div class=\"elementor-widget-container\">\n\t\t\t\t\t\t\t\t\t\t\t\t\t\t\t<img loading=\"lazy\" decoding=\"async\" width=\"300\" height=\"91\" src=\"https:\/\/entreuth.iea.org.gr\/wp-content\/uploads\/2024\/10\/educomp-300x91.png\" class=\"attachment-medium size-medium wp-image-1773\" alt=\"\" srcset=\"https:\/\/entreuth.iea.org.gr\/wp-content\/uploads\/2024\/10\/educomp-300x91.png 300w, https:\/\/entreuth.iea.org.gr\/wp-content\/uploads\/2024\/10\/educomp.png 657w\" sizes=\"(max-width: 300px) 100vw, 300px\" \/>\t\t\t\t\t\t\t\t\t\t\t\t\t\t\t<\/div>\n\t\t\t\t<\/div>\n\t\t\t\t<div class=\"elementor-element elementor-element-c3f579b elementor-widget elementor-widget-heading\" data-id=\"c3f579b\" data-element_type=\"widget\" data-e-type=\"widget\" data-widget_type=\"heading.default\">\n\t\t\t\t<div class=\"elementor-widget-container\">\n\t\t\t\t\t<h2 class=\"elementor-heading-title elementor-size-default\">FONDAZIONE EDU COMPASS (BULGARIA)<\/h2>\t\t\t\t<\/div>\n\t\t\t\t<\/div>\n\t\t\t\t<div class=\"elementor-element elementor-element-c19c767 elementor-widget elementor-widget-text-editor\" data-id=\"c19c767\" data-element_type=\"widget\" data-e-type=\"widget\" data-widget_type=\"text-editor.default\">\n\t\t\t\t<div class=\"elementor-widget-container\">\n\t\t\t\t\t\t\t\t\t<p>Edu Compass opera principalmente nel settore dell\u2019orientamento professionale e dello spirito imprenditoriale. Offre formazione sull\u2019occupabilit\u00e0 e l\u2019orientamento professionale per i giovani, sviluppa materiali educativi e curricula. Ha collaborato con varie organizzazioni e organizzato bootcamp per aspiranti imprenditori da diversi paesi. Edu Compass promuove inclusione sociale e culturale di gruppi marginalizzati. Sviluppa materiali per insegnanti e fornisce formazione per docenti. La fondazione partecipa a numerosi progetti Erasmus+ su cittadinanza attiva, coaching per la pianificazione professionale e formazione professionale.    <\/p><p>In sintesi, le principali attivit\u00e0 di Edu Compass ruotano attorno all\u2019orientamento professionale, alla formazione docenti e all\u2019inclusione educativa.<\/p>\t\t\t\t\t\t\t\t<\/div>\n\t\t\t\t<\/div>\n\t\t\t\t\t<\/div>\n\t\t\t\t<\/div>\n\t\t\t\t<\/div>\n\t\t","protected":false},"excerpt":{"rendered":"<p>Partner I nostri partner. Istituto ad Ordinamento Universitario Scuola Superiore Carolina Albasio (ITALIA) Al centro dell\u2019identit\u00e0 della Carolina Albasio vi \u00e8 lo sviluppo di attivit\u00e0 formative di primo e secondo livello, inclusi corsi di laurea triennale e magistrale, corsi post-laurea e percorsi di alta formazione. Un\u2019identit\u00e0 rafforzata dalla capacit\u00e0 di creare sinergie tra le diverse [&hellip;]<\/p>\n","protected":false},"author":1,"featured_media":0,"parent":0,"menu_order":0,"comment_status":"closed","ping_status":"closed","template":"","meta":{"site-sidebar-layout":"no-sidebar","site-content-layout":"page-builder","ast-site-content-layout":"default","site-content-style":"default","site-sidebar-style":"default","ast-global-header-display":"","ast-banner-title-visibility":"","ast-main-header-display":"","ast-hfb-above-header-display":"","ast-hfb-below-header-display":"","ast-hfb-mobile-header-display":"","site-post-title":"disabled","ast-breadcrumbs-content":"","ast-featured-img":"disabled","footer-sml-layout":"","ast-disable-related-posts":"","theme-transparent-header-meta":"enabled","adv-header-id-meta":"","stick-header-meta":"","header-above-stick-meta":"","header-main-stick-meta":"","header-below-stick-meta":"","astra-migrate-meta-layouts":"default","ast-page-background-enabled":"default","ast-page-background-meta":{"desktop":{"background-color":"var(--ast-global-color-4)","background-image":"","background-repeat":"repeat","background-position":"center center","background-size":"auto","background-attachment":"scroll","background-type":"","background-media":"","overlay-type":"","overlay-color":"","overlay-opacity":"","overlay-gradient":""},"tablet":{"background-color":"","background-image":"","background-repeat":"repeat","background-position":"center center","background-size":"auto","background-attachment":"scroll","background-type":"","background-media":"","overlay-type":"","overlay-color":"","overlay-opacity":"","overlay-gradient":""},"mobile":{"background-color":"","background-image":"","background-repeat":"repeat","background-position":"center center","background-size":"auto","background-attachment":"scroll","background-type":"","background-media":"","overlay-type":"","overlay-color":"","overlay-opacity":"","overlay-gradient":""}},"ast-content-background-meta":{"desktop":{"background-color":"var(--ast-global-color-5)","background-image":"","background-repeat":"repeat","background-position":"center center","background-size":"auto","background-attachment":"scroll","background-type":"","background-media":"","overlay-type":"","overlay-color":"","overlay-opacity":"","overlay-gradient":""},"tablet":{"background-color":"var(--ast-global-color-5)","background-image":"","background-repeat":"repeat","background-position":"center center","background-size":"auto","background-attachment":"scroll","background-type":"","background-media":"","overlay-type":"","overlay-color":"","overlay-opacity":"","overlay-gradient":""},"mobile":{"background-color":"var(--ast-global-color-5)","background-image":"","background-repeat":"repeat","background-position":"center center","background-size":"auto","background-attachment":"scroll","background-type":"","background-media":"","overlay-type":"","overlay-color":"","overlay-opacity":"","overlay-gradient":""}},"footnotes":""},"class_list":["post-2161","page","type-page","status-publish","hentry"],"_links":{"self":[{"href":"https:\/\/entreuth.iea.org.gr\/it\/wp-json\/wp\/v2\/pages\/2161","targetHints":{"allow":["GET"]}}],"collection":[{"href":"https:\/\/entreuth.iea.org.gr\/it\/wp-json\/wp\/v2\/pages"}],"about":[{"href":"https:\/\/entreuth.iea.org.gr\/it\/wp-json\/wp\/v2\/types\/page"}],"author":[{"embeddable":true,"href":"https:\/\/entreuth.iea.org.gr\/it\/wp-json\/wp\/v2\/users\/1"}],"replies":[{"embeddable":true,"href":"https:\/\/entreuth.iea.org.gr\/it\/wp-json\/wp\/v2\/comments?post=2161"}],"version-history":[{"count":2,"href":"https:\/\/entreuth.iea.org.gr\/it\/wp-json\/wp\/v2\/pages\/2161\/revisions"}],"predecessor-version":[{"id":3066,"href":"https:\/\/entreuth.iea.org.gr\/it\/wp-json\/wp\/v2\/pages\/2161\/revisions\/3066"}],"wp:attachment":[{"href":"https:\/\/entreuth.iea.org.gr\/it\/wp-json\/wp\/v2\/media?parent=2161"}],"curies":[{"name":"wp","href":"https:\/\/api.w.org\/{rel}","templated":true}]}}