{"id":2142,"date":"2024-09-25T09:07:35","date_gmt":"2024-09-25T09:07:35","guid":{"rendered":"https:\/\/entreuth.iea.org.gr\/il-progetto\/"},"modified":"2025-04-16T14:45:38","modified_gmt":"2025-04-16T14:45:38","slug":"il-progetto","status":"publish","type":"page","link":"https:\/\/entreuth.iea.org.gr\/it\/il-progetto\/","title":{"rendered":"Il progetto"},"content":{"rendered":"\t\t<div data-elementor-type=\"wp-page\" data-elementor-id=\"2142\" class=\"elementor elementor-2142 elementor-452\" data-elementor-post-type=\"page\">\n\t\t\t\t<div class=\"elementor-element elementor-element-df82b27 e-flex e-con-boxed e-con e-parent\" data-id=\"df82b27\" data-element_type=\"container\" data-e-type=\"container\" data-settings=\"{&quot;background_background&quot;:&quot;classic&quot;}\">\n\t\t\t\t\t<div class=\"e-con-inner\">\n\t\t<div class=\"elementor-element elementor-element-9e9f24c e-flex e-con-boxed e-con e-child\" data-id=\"9e9f24c\" data-element_type=\"container\" data-e-type=\"container\">\n\t\t\t\t\t<div class=\"e-con-inner\">\n\t\t<div class=\"elementor-element elementor-element-9f72f1b e-flex e-con-boxed e-con e-child\" data-id=\"9f72f1b\" data-element_type=\"container\" data-e-type=\"container\">\n\t\t\t\t\t<div class=\"e-con-inner\">\n\t\t<div class=\"elementor-element elementor-element-9503712 e-flex e-con-boxed e-con e-child\" data-id=\"9503712\" data-element_type=\"container\" data-e-type=\"container\">\n\t\t\t\t\t<div class=\"e-con-inner\">\n\t\t\t\t<div class=\"elementor-element elementor-element-5c086aa elementor-widget elementor-widget-heading\" data-id=\"5c086aa\" data-element_type=\"widget\" data-e-type=\"widget\" data-widget_type=\"heading.default\">\n\t\t\t\t<div class=\"elementor-widget-container\">\n\t\t\t\t\t<h6 class=\"elementor-heading-title elementor-size-default\">Il progetto<\/h6>\t\t\t\t<\/div>\n\t\t\t\t<\/div>\n\t\t\t\t<div class=\"elementor-element elementor-element-ce48bc0 elementor-widget elementor-widget-heading\" data-id=\"ce48bc0\" data-element_type=\"widget\" data-e-type=\"widget\" data-widget_type=\"heading.default\">\n\t\t\t\t<div class=\"elementor-widget-container\">\n\t\t\t\t\t<h1 class=\"elementor-heading-title elementor-size-default\">Il progetto EntrEUth \u00e8 finalizzato a promuovere lo spirito imprenditoriale tra i giovani europei, con un'attenzione particolare a coloro che presentano Disturbi Specifici dell\u2019Apprendimento (DSA). <\/h1>\t\t\t\t<\/div>\n\t\t\t\t<\/div>\n\t\t\t\t\t<\/div>\n\t\t\t\t<\/div>\n\t\t\t\t\t<\/div>\n\t\t\t\t<\/div>\n\t\t<div class=\"elementor-element elementor-element-a1fa886 e-con-full e-flex e-con e-child\" data-id=\"a1fa886\" data-element_type=\"container\" data-e-type=\"container\">\n\t\t<div class=\"elementor-element elementor-element-53ff607 e-con-full e-flex e-con e-child\" data-id=\"53ff607\" data-element_type=\"container\" data-e-type=\"container\">\n\t\t\t\t<div class=\"elementor-element elementor-element-51338b4 elementor-widget elementor-widget-image\" data-id=\"51338b4\" data-element_type=\"widget\" data-e-type=\"widget\" data-widget_type=\"image.default\">\n\t\t\t\t<div class=\"elementor-widget-container\">\n\t\t\t\t\t\t\t\t\t\t\t\t\t\t\t<img fetchpriority=\"high\" decoding=\"async\" width=\"678\" height=\"1171\" src=\"https:\/\/entreuth.iea.org.gr\/wp-content\/uploads\/2024\/10\/proj.jpg\" class=\"attachment-full size-full wp-image-1738\" alt=\"\" srcset=\"https:\/\/entreuth.iea.org.gr\/wp-content\/uploads\/2024\/10\/proj.jpg 678w, https:\/\/entreuth.iea.org.gr\/wp-content\/uploads\/2024\/10\/proj-174x300.jpg 174w, https:\/\/entreuth.iea.org.gr\/wp-content\/uploads\/2024\/10\/proj-593x1024.jpg 593w\" sizes=\"(max-width: 678px) 100vw, 678px\" \/>\t\t\t\t\t\t\t\t\t\t\t\t\t\t\t<\/div>\n\t\t\t\t<\/div>\n\t\t\t\t<div class=\"elementor-element elementor-element-e333505 elementor-widget elementor-widget-image\" data-id=\"e333505\" data-element_type=\"widget\" data-e-type=\"widget\" data-widget_type=\"image.default\">\n\t\t\t\t<div class=\"elementor-widget-container\">\n\t\t\t\t\t\t\t\t\t\t\t\t\t\t\t<img decoding=\"async\" width=\"2048\" height=\"1536\" src=\"https:\/\/entreuth.iea.org.gr\/wp-content\/uploads\/2024\/10\/der.jpg\" class=\"attachment-full size-full wp-image-1798\" alt=\"\" srcset=\"https:\/\/entreuth.iea.org.gr\/wp-content\/uploads\/2024\/10\/der.jpg 2048w, https:\/\/entreuth.iea.org.gr\/wp-content\/uploads\/2024\/10\/der-300x225.jpg 300w, https:\/\/entreuth.iea.org.gr\/wp-content\/uploads\/2024\/10\/der-1024x768.jpg 1024w, https:\/\/entreuth.iea.org.gr\/wp-content\/uploads\/2024\/10\/der-768x576.jpg 768w, https:\/\/entreuth.iea.org.gr\/wp-content\/uploads\/2024\/10\/der-1536x1152.jpg 1536w\" sizes=\"(max-width: 2048px) 100vw, 2048px\" \/>\t\t\t\t\t\t\t\t\t\t\t\t\t\t\t<\/div>\n\t\t\t\t<\/div>\n\t\t\t\t<\/div>\n\t\t<div class=\"elementor-element elementor-element-defab1b e-con-full e-flex e-con e-child\" data-id=\"defab1b\" data-element_type=\"container\" data-e-type=\"container\">\n\t\t\t\t<div class=\"elementor-element elementor-element-7f53e1e elementor-widget elementor-widget-heading\" data-id=\"7f53e1e\" data-element_type=\"widget\" data-e-type=\"widget\" data-widget_type=\"heading.default\">\n\t\t\t\t<div class=\"elementor-widget-container\">\n\t\t\t\t\t<h3 class=\"elementor-heading-title elementor-size-default\">L\u2019obiettivo generale del progetto \u00e8 sostenere il senso di iniziativa imprenditoriale dei giovani europei, con particolare riguardo ai giovani con DSA. <\/h3>\t\t\t\t<\/div>\n\t\t\t\t<\/div>\n\t\t\t\t<div class=\"elementor-element elementor-element-2b501f1 elementor-widget elementor-widget-text-editor\" data-id=\"2b501f1\" data-element_type=\"widget\" data-e-type=\"widget\" data-widget_type=\"text-editor.default\">\n\t\t\t\t<div class=\"elementor-widget-container\">\n\t\t\t\t\t\t\t\t\t<p>Questo obiettivo sar\u00e0 perseguito attraverso la promozione dell\u2019educazione all\u2019imprenditorialit\u00e0 mediante il coinvolgimento e la sensibilizzazione sul tema, facendo uso di strumenti digitali, metodi e tecniche adattati alle esigenze delle persone con DSA.<\/p><p>Pi\u00f9 nello specifico, il progetto persegue i seguenti obiettivi:<\/p><p>&#8211; Sviluppare strategie efficaci per lo sviluppo di competenze imprenditoriali per persone con DSA.<\/p><p>&#8211; Aumentare l\u2019inclusivit\u00e0 del framework EntreComp con particolare attenzione ai giovani con DSA.<br>Riconoscendo l\u2019importanza della sostenibilit\u00e0 in tutte le fasi del progetto, il consorzio si impegna ad adottare pratiche rispettose dell\u2019ambiente durante tutto il ciclo di vita del progetto.<\/p><p>Il progetto <strong>EntrEUth <\/strong>affronta le significative barriere incontrate dai giovani con DSA nell\u2019accesso alle opportunit\u00e0 imprenditoriali in Europa. Indagini recenti di Eurostat (2019) evidenziano le disparit\u00e0 tra persone con e senza disabilit\u00e0 in termini di tasso di autoimpiego e disoccupazione. Il tasso di autoimpiego per le persone con disabilit\u00e0 nell\u2019UE \u00e8 inferiore di 29,5 punti percentuali, mentre il tasso di disoccupazione \u00e8 doppio. Inoltre, un rapporto della Commissione Europea (2020) evidenzia come le persone con DSA o disabilit\u00e0 siano sottorappresentate nel lavoro autonomo e nell\u2019imprenditorialit\u00e0, con solo il 4,6% degli imprenditori che dichiara tali condizioni (Eurostat, 2019; Commissione Europea, 2020). Queste statistiche sottolineano l\u2019urgente necessit\u00e0 di iniziative mirate a supportare lo sviluppo di competenze imprenditoriali tra i giovani con DSA.   <\/p><p>Il progetto <strong>EntrEUth <\/strong>intende colmare questo divario promuovendo l\u2019imprenditorialit\u00e0 giovanile tra le persone con DSA, contribuendo cos\u00ec all\u2019inclusione sociale ed economica di questa fascia di popolazione.<\/p><p>La comunit\u00e0 scientifica sottolinea che, con il supporto adeguato, i giovani con DSA possono non solo raggiungere il successo professionale nel campo dell\u2019imprenditorialit\u00e0, ma anche trarre benefici in termini di inclusione sociale. Allo stesso tempo, la societ\u00e0 nel suo complesso pu\u00f2 beneficiare di un maggiore coinvolgimento in attivit\u00e0 imprenditoriali guidate da persone diverse, inclusi coloro con DSA. <\/p><p>Il consorzio del progetto \u00e8 composto da partner provenienti da Grecia, Romania, Italia, Belgio e Bulgaria, che mettono a fattor comune le proprie competenze nell\u2019imprenditorialit\u00e0 giovanile, nell\u2019educazione all\u2019imprenditorialit\u00e0 e nell\u2019innovazione sociale. Grazie alla combinazione di prospettive ed esperienze diverse, il consorzio mira a sviluppare strategie efficaci per il rafforzamento delle competenze imprenditoriali dei giovani con DSA. <\/p>\t\t\t\t\t\t\t\t<\/div>\n\t\t\t\t<\/div>\n\t\t\t\t<\/div>\n\t\t\t\t<\/div>\n\t\t\t\t\t<\/div>\n\t\t\t\t<\/div>\n\t\t\t\t\t<\/div>\n\t\t\t\t<\/div>\n\t\t\t\t<\/div>\n\t\t","protected":false},"excerpt":{"rendered":"<p>Il progetto Il progetto EntrEUth \u00e8 finalizzato a promuovere lo spirito imprenditoriale tra i giovani europei, con un&#8217;attenzione particolare a coloro che presentano Disturbi Specifici dell\u2019Apprendimento (DSA). L\u2019obiettivo generale del progetto \u00e8 sostenere il senso di iniziativa imprenditoriale dei giovani europei, con particolare riguardo ai giovani con DSA. Questo obiettivo sar\u00e0 perseguito attraverso la promozione [&hellip;]<\/p>\n","protected":false},"author":1,"featured_media":0,"parent":0,"menu_order":0,"comment_status":"closed","ping_status":"closed","template":"","meta":{"site-sidebar-layout":"no-sidebar","site-content-layout":"page-builder","ast-site-content-layout":"default","site-content-style":"default","site-sidebar-style":"default","ast-global-header-display":"","ast-banner-title-visibility":"","ast-main-header-display":"","ast-hfb-above-header-display":"","ast-hfb-below-header-display":"","ast-hfb-mobile-header-display":"","site-post-title":"disabled","ast-breadcrumbs-content":"","ast-featured-img":"disabled","footer-sml-layout":"","ast-disable-related-posts":"","theme-transparent-header-meta":"enabled","adv-header-id-meta":"","stick-header-meta":"","header-above-stick-meta":"","header-main-stick-meta":"","header-below-stick-meta":"","astra-migrate-meta-layouts":"default","ast-page-background-enabled":"default","ast-page-background-meta":{"desktop":{"background-color":"var(--ast-global-color-4)","background-image":"","background-repeat":"repeat","background-position":"center center","background-size":"auto","background-attachment":"scroll","background-type":"","background-media":"","overlay-type":"","overlay-color":"","overlay-opacity":"","overlay-gradient":""},"tablet":{"background-color":"","background-image":"","background-repeat":"repeat","background-position":"center center","background-size":"auto","background-attachment":"scroll","background-type":"","background-media":"","overlay-type":"","overlay-color":"","overlay-opacity":"","overlay-gradient":""},"mobile":{"background-color":"","background-image":"","background-repeat":"repeat","background-position":"center center","background-size":"auto","background-attachment":"scroll","background-type":"","background-media":"","overlay-type":"","overlay-color":"","overlay-opacity":"","overlay-gradient":""}},"ast-content-background-meta":{"desktop":{"background-color":"var(--ast-global-color-5)","background-image":"","background-repeat":"repeat","background-position":"center center","background-size":"auto","background-attachment":"scroll","background-type":"","background-media":"","overlay-type":"","overlay-color":"","overlay-opacity":"","overlay-gradient":""},"tablet":{"background-color":"var(--ast-global-color-5)","background-image":"","background-repeat":"repeat","background-position":"center center","background-size":"auto","background-attachment":"scroll","background-type":"","background-media":"","overlay-type":"","overlay-color":"","overlay-opacity":"","overlay-gradient":""},"mobile":{"background-color":"var(--ast-global-color-5)","background-image":"","background-repeat":"repeat","background-position":"center center","background-size":"auto","background-attachment":"scroll","background-type":"","background-media":"","overlay-type":"","overlay-color":"","overlay-opacity":"","overlay-gradient":""}},"footnotes":""},"class_list":["post-2142","page","type-page","status-publish","hentry"],"_links":{"self":[{"href":"https:\/\/entreuth.iea.org.gr\/it\/wp-json\/wp\/v2\/pages\/2142","targetHints":{"allow":["GET"]}}],"collection":[{"href":"https:\/\/entreuth.iea.org.gr\/it\/wp-json\/wp\/v2\/pages"}],"about":[{"href":"https:\/\/entreuth.iea.org.gr\/it\/wp-json\/wp\/v2\/types\/page"}],"author":[{"embeddable":true,"href":"https:\/\/entreuth.iea.org.gr\/it\/wp-json\/wp\/v2\/users\/1"}],"replies":[{"embeddable":true,"href":"https:\/\/entreuth.iea.org.gr\/it\/wp-json\/wp\/v2\/comments?post=2142"}],"version-history":[{"count":1,"href":"https:\/\/entreuth.iea.org.gr\/it\/wp-json\/wp\/v2\/pages\/2142\/revisions"}],"predecessor-version":[{"id":2143,"href":"https:\/\/entreuth.iea.org.gr\/it\/wp-json\/wp\/v2\/pages\/2142\/revisions\/2143"}],"wp:attachment":[{"href":"https:\/\/entreuth.iea.org.gr\/it\/wp-json\/wp\/v2\/media?parent=2142"}],"curies":[{"name":"wp","href":"https:\/\/api.w.org\/{rel}","templated":true}]}}